{"id":543,"date":"2026-04-08T20:49:34","date_gmt":"2026-04-08T20:49:34","guid":{"rendered":"https:\/\/olimag.pl\/?page_id=543"},"modified":"2026-04-09T05:50:39","modified_gmt":"2026-04-09T05:50:39","slug":"kontakt","status":"publish","type":"page","link":"https:\/\/olimag.pl\/index.php\/kontakt\/","title":{"rendered":"Kontakt"},"content":{"rendered":"\t\t<div data-elementor-type=\"wp-page\" data-elementor-id=\"543\" class=\"elementor elementor-543\">\n\t\t\t\t<div class=\"elementor-element elementor-element-50c099f8 e-flex e-con-boxed e-con e-parent\" data-id=\"50c099f8\" data-element_type=\"container\" data-e-type=\"container\" data-settings=\"{&quot;background_background&quot;:&quot;classic&quot;}\">\n\t\t\t\t\t<div class=\"e-con-inner\">\n\t\t<div class=\"elementor-element elementor-element-5b5ecbfd e-con-full e-flex elementor-invisible e-con e-child\" data-id=\"5b5ecbfd\" data-element_type=\"container\" data-e-type=\"container\" data-settings=\"{&quot;animation&quot;:&quot;fadeInUp&quot;,&quot;animation_delay&quot;:200}\">\n\t\t\t\t<div class=\"elementor-element elementor-element-3c3ea284 elementor-widget elementor-widget-elementskit-heading\" data-id=\"3c3ea284\" data-element_type=\"widget\" data-e-type=\"widget\" data-widget_type=\"elementskit-heading.default\">\n\t\t\t\t<div class=\"elementor-widget-container\">\n\t\t\t\t\t<div class=\"ekit-wid-con\" ><div class=\"ekit-heading elementskit-section-title-wraper text_left   ekit_heading_tablet-   ekit_heading_mobile-\"><h2 class=\"ekit-heading--title elementskit-section-title \">Skontaktuj si\u0119 z nami<\/h2>\t\t\t\t<div class='ekit-heading__description'>\n\t\t\t\t\t<p>Masz pytania dotycz\u0105ce wynajmu automat\u00f3w lub potrzebujesz indywidualnej oferty dla swojej firmy? Jeste\u015bmy do Twojej dyspozycji. Napisz, zadzwo\u0144 lub<\/p>\n\t\t\t\t<\/div>\n\t\t\t<\/div><\/div>\t\t\t\t<\/div>\n\t\t\t\t<\/div>\n\t\t\t\t<div class=\"elementor-element elementor-element-31249c4c elementor-widget__width-inherit ekit-equal-height-disable elementor-widget elementor-widget-elementskit-icon-box\" data-id=\"31249c4c\" data-element_type=\"widget\" data-e-type=\"widget\" data-widget_type=\"elementskit-icon-box.default\">\n\t\t\t\t<div class=\"elementor-widget-container\">\n\t\t\t\t\t<div class=\"ekit-wid-con\" >        <!-- link opening -->\n                <a href=\"#\" class=\"ekit_global_links\">\n                <!-- end link opening -->\n\n        <div class=\"elementskit-infobox text- text-left icon-lef-right-aligin elementor-animation- media  \">\n                    <div class=\"elementskit-box-header elementor-animation-\">\n                <div class=\"elementskit-info-box-icon  text-center\">\n                    <i aria-hidden=\"true\" class=\"elementkit-infobox-icon icon icon-envelope1\"><\/i>\n                <\/div>\n          <\/div>\n                        <div class=\"box-body\">\n                            <h3 class=\"elementskit-info-box-title\">\n                    Email                <\/h3>\n                        \t\t  \t<p><a href=\"olimag@olimag.pl\">olimag@olimag.pl<\/a><\/p>\n                                <\/div>\n        \n        \n                <\/div>\n                <\/a>\n        <\/div>\t\t\t\t<\/div>\n\t\t\t\t<\/div>\n\t\t\t\t<div class=\"elementor-element elementor-element-5cfd2a5d elementor-widget__width-inherit ekit-equal-height-disable elementor-widget elementor-widget-elementskit-icon-box\" data-id=\"5cfd2a5d\" data-element_type=\"widget\" data-e-type=\"widget\" data-widget_type=\"elementskit-icon-box.default\">\n\t\t\t\t<div class=\"elementor-widget-container\">\n\t\t\t\t\t<div class=\"ekit-wid-con\" >        <!-- link opening -->\n                <a href=\"#\" class=\"ekit_global_links\">\n                <!-- end link opening -->\n\n        <div class=\"elementskit-infobox text- text-left icon-lef-right-aligin elementor-animation- media  \">\n                    <div class=\"elementskit-box-header elementor-animation-\">\n                <div class=\"elementskit-info-box-icon  text-center\">\n                    <i aria-hidden=\"true\" class=\"elementkit-infobox-icon icon icon-phone\"><\/i>\n                <\/div>\n          <\/div>\n                        <div class=\"box-body\">\n                            <h3 class=\"elementskit-info-box-title\">\n                    \u0141ukasz Gacal                <\/h3>\n                        \t\t  \t<p><a href=\"tel:+48 518 512 444\">+48 518 512 444<\/a>\n<\/p>\n                                <\/div>\n        \n        \n                <\/div>\n                <\/a>\n        <\/div>\t\t\t\t<\/div>\n\t\t\t\t<\/div>\n\t\t\t\t<div class=\"elementor-element elementor-element-3496186 elementor-widget__width-inherit ekit-equal-height-disable elementor-widget elementor-widget-elementskit-icon-box\" data-id=\"3496186\" data-element_type=\"widget\" data-e-type=\"widget\" data-widget_type=\"elementskit-icon-box.default\">\n\t\t\t\t<div class=\"elementor-widget-container\">\n\t\t\t\t\t<div class=\"ekit-wid-con\" >        <!-- link opening -->\n                <a href=\"#\" class=\"ekit_global_links\">\n                <!-- end link opening -->\n\n        <div class=\"elementskit-infobox text- text-left icon-lef-right-aligin elementor-animation- media  \">\n                    <div class=\"elementskit-box-header elementor-animation-\">\n                <div class=\"elementskit-info-box-icon  text-center\">\n                    <i aria-hidden=\"true\" class=\"elementkit-infobox-icon icon icon-phone\"><\/i>\n                <\/div>\n          <\/div>\n                        <div class=\"box-body\">\n                            <h3 class=\"elementskit-info-box-title\">\n                    Marcin Gacal                 <\/h3>\n                        \t\t  \t<p><a href=\"tel:+ 48 578 987 207\">+ 48 578 987 207<\/a><\/p>\n                                <\/div>\n        \n        \n                <\/div>\n                <\/a>\n        <\/div>\t\t\t\t<\/div>\n\t\t\t\t<\/div>\n\t\t\t\t<\/div>\n\t\t\t\t\t<\/div>\n\t\t\t\t<\/div>\n\t\t<div class=\"elementor-element elementor-element-399236d e-flex e-con-boxed e-con e-parent\" data-id=\"399236d\" data-element_type=\"container\" data-e-type=\"container\">\n\t\t\t\t\t<div class=\"e-con-inner\">\n\t\t\t\t<div class=\"elementor-element elementor-element-a3a64b9 elementor-widget__width-initial elementor-widget elementor-widget-elementskit-heading\" data-id=\"a3a64b9\" data-element_type=\"widget\" data-e-type=\"widget\" data-widget_type=\"elementskit-heading.default\">\n\t\t\t\t<div class=\"elementor-widget-container\">\n\t\t\t\t\t<div class=\"ekit-wid-con\" ><div class=\"ekit-heading elementskit-section-title-wraper text_left   ekit_heading_tablet-   ekit_heading_mobile-\"><h2 class=\"ekit-heading--title elementskit-section-title \">NOWOCZESNE AUTOMATY VENDINGOWE<\/h2>\t\t\t\t<div class='ekit-heading__description'>\n\t\t\t\t\t<p>Oferujemy kompleksowy <b>wynajem automat\u00f3w vendingowych<\/b> w ca\u0142ej Ma\u0142opolsce. Nasze maszyny z kaw\u0105, przek\u0105skami i napojami to gwarancja niezawodno\u015bci w Twoim biurze. Zapewniamy bezp\u0142atny monta\u017c i szybki serwis.<\/p>\n\t\t\t\t<\/div>\n\t\t\t<\/div><\/div>\t\t\t\t<\/div>\n\t\t\t\t<\/div>\n\t\t\t\t<div class=\"elementor-element elementor-element-0779bf3 elementor-align-right elementor-align--mobilecenter elementor-align--tabletleft elementor-widget elementor-widget-elementskit-button\" data-id=\"0779bf3\" data-element_type=\"widget\" data-e-type=\"widget\" data-widget_type=\"elementskit-button.default\">\n\t\t\t\t<div class=\"elementor-widget-container\">\n\t\t\t\t\t<div class=\"ekit-wid-con\" >\t\t<div class=\"ekit-btn-wraper\">\n\t\t\t\t\t\t\t<a href=\"https:\/\/olimag.pl\/index.php\/olimag-oferta\/\" class=\"elementskit-btn  whitespace--normal\" id=\"\">\n\t\t\t\t\tSPRAWD\u0179 OFERT\u0118\t\t\t\t<\/a>\n\t\t\t\t\t<\/div>\n        <\/div>\t\t\t\t<\/div>\n\t\t\t\t<\/div>\n\t\t\t\t\t<\/div>\n\t\t\t\t<\/div>\n\t\t\t\t<\/div>\n\t\t","protected":false},"excerpt":{"rendered":"<p>Skontaktuj si\u0119 z nami Masz pytania dotycz\u0105ce wynajmu automat\u00f3w lub potrzebujesz indywidualnej oferty dla swojej firmy? Jeste\u015bmy do Twojej dyspozycji. Napisz, zadzwo\u0144 lub Email olimag@olimag.pl \u0141ukasz Gacal +48 518 512 444 Marcin Gacal + 48 578 987 207 NOWOCZESNE AUTOMATY VENDINGOWE Oferujemy kompleksowy wynajem automat\u00f3w vendingowych w ca\u0142ej Ma\u0142opolsce. Nasze maszyny z kaw\u0105, przek\u0105skami i [&hellip;]<\/p>\n","protected":false},"author":1,"featured_media":0,"parent":0,"menu_order":0,"comment_status":"closed","ping_status":"closed","template":"","meta":{"site-sidebar-layout":"no-sidebar","site-content-layout":"","ast-site-content-layout":"full-width-container","site-content-style":"default","site-sidebar-style":"default","ast-global-header-display":"","ast-banner-title-visibility":"","ast-main-header-display":"","ast-hfb-above-header-display":"","ast-hfb-below-header-display":"","ast-hfb-mobile-header-display":"","site-post-title":"","ast-breadcrumbs-content":"","ast-featured-img":"disabled","footer-sml-layout":"","ast-disable-related-posts":"","theme-transparent-header-meta":"","adv-header-id-meta":"","stick-header-meta":"","header-above-stick-meta":"","header-main-stick-meta":"","header-below-stick-meta":"","astra-migrate-meta-layouts":"default","ast-page-background-enabled":"default","ast-page-background-meta":{"desktop":{"background-color":"var(--ast-global-color-4)","background-image":"","background-repeat":"repeat","background-position":"center center","background-size":"auto","background-attachment":"scroll","background-type":"","background-media":"","overlay-type":"","overlay-color":"","overlay-opacity":"","overlay-gradient":""},"tablet":{"background-color":"","background-image":"","background-repeat":"repeat","background-position":"center center","background-size":"auto","background-attachment":"scroll","background-type":"","background-media":"","overlay-type":"","overlay-color":"","overlay-opacity":"","overlay-gradient":""},"mobile":{"background-color":"","background-image":"","background-repeat":"repeat","background-position":"center center","background-size":"auto","background-attachment":"scroll","background-type":"","background-media":"","overlay-type":"","overlay-color":"","overlay-opacity":"","overlay-gradient":""}},"ast-content-background-meta":{"desktop":{"background-color":"var(--ast-global-color-5)","background-image":"","background-repeat":"repeat","background-position":"center center","background-size":"auto","background-attachment":"scroll","background-type":"","background-media":"","overlay-type":"","overlay-color":"","overlay-opacity":"","overlay-gradient":""},"tablet":{"background-color":"var(--ast-global-color-5)","background-image":"","background-repeat":"repeat","background-position":"center center","background-size":"auto","background-attachment":"scroll","background-type":"","background-media":"","overlay-type":"","overlay-color":"","overlay-opacity":"","overlay-gradient":""},"mobile":{"background-color":"var(--ast-global-color-5)","background-image":"","background-repeat":"repeat","background-position":"center center","background-size":"auto","background-attachment":"scroll","background-type":"","background-media":"","overlay-type":"","overlay-color":"","overlay-opacity":"","overlay-gradient":""}},"footnotes":""},"class_list":["post-543","page","type-page","status-publish","hentry"],"yoast_head":"<!-- This site is optimized with the Yoast SEO plugin v27.5 - https:\/\/yoast.com\/product\/yoast-seo-wordpress\/ -->\n<title>Kontakt - automaty sprzedaj\u0105ce, vendingowe, ekspresy do kawy, dystrybutory wody - Nowy S\u0105cz<\/title>\n<meta name=\"description\" content=\"Oferujemy automaty vendingowe, ekspresy do kawy oraz dystrybutory wody dla firm i instytucji na terenie Nowego S\u0105cza i okolic. Nasze nowoczesne automaty sprzedaj\u0105ce umo\u017cliwiaj\u0105 wygodny dost\u0119p do przek\u0105sek i napoj\u00f3w bez obs\u0142ugi, co idealnie sprawdza si\u0119 w biurach, zak\u0142adach pracy oraz przestrzeniach publicznych.\" \/>\n<meta name=\"robots\" content=\"index, follow, max-snippet:-1, max-image-preview:large, max-video-preview:-1\" \/>\n<link rel=\"canonical\" href=\"https:\/\/olimag.pl\/index.php\/kontakt\/\" \/>\n<meta property=\"og:locale\" content=\"pl_PL\" \/>\n<meta property=\"og:type\" content=\"article\" \/>\n<meta property=\"og:title\" content=\"Kontakt - automaty sprzedaj\u0105ce, vendingowe, ekspresy do kawy, dystrybutory wody - Nowy S\u0105cz\" \/>\n<meta property=\"og:description\" content=\"Oferujemy automaty vendingowe, ekspresy do kawy oraz dystrybutory wody dla firm i instytucji na terenie Nowego S\u0105cza i okolic. Nasze nowoczesne automaty sprzedaj\u0105ce umo\u017cliwiaj\u0105 wygodny dost\u0119p do przek\u0105sek i napoj\u00f3w bez obs\u0142ugi, co idealnie sprawdza si\u0119 w biurach, zak\u0142adach pracy oraz przestrzeniach publicznych.\" \/>\n<meta property=\"og:url\" content=\"https:\/\/olimag.pl\/index.php\/kontakt\/\" \/>\n<meta property=\"article:modified_time\" content=\"2026-04-09T05:50:39+00:00\" \/>\n<meta name=\"twitter:card\" content=\"summary_large_image\" \/>\n<meta name=\"twitter:label1\" content=\"Szacowany czas czytania\" \/>\n\t<meta name=\"twitter:data1\" content=\"1 minuta\" \/>\n<script type=\"application\/ld+json\" class=\"yoast-schema-graph\">{\"@context\":\"https:\\\/\\\/schema.org\",\"@graph\":[{\"@type\":\"WebPage\",\"@id\":\"https:\\\/\\\/olimag.pl\\\/index.php\\\/kontakt\\\/\",\"url\":\"https:\\\/\\\/olimag.pl\\\/index.php\\\/kontakt\\\/\",\"name\":\"Kontakt - automaty sprzedaj\u0105ce, vendingowe, ekspresy do kawy, dystrybutory wody - Nowy S\u0105cz\",\"isPartOf\":{\"@id\":\"https:\\\/\\\/olimag.pl\\\/#website\"},\"datePublished\":\"2026-04-08T20:49:34+00:00\",\"dateModified\":\"2026-04-09T05:50:39+00:00\",\"description\":\"Oferujemy automaty vendingowe, ekspresy do kawy oraz dystrybutory wody dla firm i instytucji na terenie Nowego S\u0105cza i okolic. Nasze nowoczesne automaty sprzedaj\u0105ce umo\u017cliwiaj\u0105 wygodny dost\u0119p do przek\u0105sek i napoj\u00f3w bez obs\u0142ugi, co idealnie sprawdza si\u0119 w biurach, zak\u0142adach pracy oraz przestrzeniach publicznych.\",\"breadcrumb\":{\"@id\":\"https:\\\/\\\/olimag.pl\\\/index.php\\\/kontakt\\\/#breadcrumb\"},\"inLanguage\":\"pl-PL\",\"potentialAction\":[{\"@type\":\"ReadAction\",\"target\":[\"https:\\\/\\\/olimag.pl\\\/index.php\\\/kontakt\\\/\"]}]},{\"@type\":\"BreadcrumbList\",\"@id\":\"https:\\\/\\\/olimag.pl\\\/index.php\\\/kontakt\\\/#breadcrumb\",\"itemListElement\":[{\"@type\":\"ListItem\",\"position\":1,\"name\":\"Strona g\u0142\u00f3wna\",\"item\":\"https:\\\/\\\/olimag.pl\\\/\"},{\"@type\":\"ListItem\",\"position\":2,\"name\":\"Kontakt\"}]},{\"@type\":\"WebSite\",\"@id\":\"https:\\\/\\\/olimag.pl\\\/#website\",\"url\":\"https:\\\/\\\/olimag.pl\\\/\",\"name\":\"\",\"description\":\"\",\"potentialAction\":[{\"@type\":\"SearchAction\",\"target\":{\"@type\":\"EntryPoint\",\"urlTemplate\":\"https:\\\/\\\/olimag.pl\\\/?s={search_term_string}\"},\"query-input\":{\"@type\":\"PropertyValueSpecification\",\"valueRequired\":true,\"valueName\":\"search_term_string\"}}],\"inLanguage\":\"pl-PL\"}]}<\/script>\n<!-- \/ Yoast SEO plugin. -->","yoast_head_json":{"title":"Kontakt - automaty sprzedaj\u0105ce, vendingowe, ekspresy do kawy, dystrybutory wody - Nowy S\u0105cz","description":"Oferujemy automaty vendingowe, ekspresy do kawy oraz dystrybutory wody dla firm i instytucji na terenie Nowego S\u0105cza i okolic. Nasze nowoczesne automaty sprzedaj\u0105ce umo\u017cliwiaj\u0105 wygodny dost\u0119p do przek\u0105sek i napoj\u00f3w bez obs\u0142ugi, co idealnie sprawdza si\u0119 w biurach, zak\u0142adach pracy oraz przestrzeniach publicznych.","robots":{"index":"index","follow":"follow","max-snippet":"max-snippet:-1","max-image-preview":"max-image-preview:large","max-video-preview":"max-video-preview:-1"},"canonical":"https:\/\/olimag.pl\/index.php\/kontakt\/","og_locale":"pl_PL","og_type":"article","og_title":"Kontakt - automaty sprzedaj\u0105ce, vendingowe, ekspresy do kawy, dystrybutory wody - Nowy S\u0105cz","og_description":"Oferujemy automaty vendingowe, ekspresy do kawy oraz dystrybutory wody dla firm i instytucji na terenie Nowego S\u0105cza i okolic. Nasze nowoczesne automaty sprzedaj\u0105ce umo\u017cliwiaj\u0105 wygodny dost\u0119p do przek\u0105sek i napoj\u00f3w bez obs\u0142ugi, co idealnie sprawdza si\u0119 w biurach, zak\u0142adach pracy oraz przestrzeniach publicznych.","og_url":"https:\/\/olimag.pl\/index.php\/kontakt\/","article_modified_time":"2026-04-09T05:50:39+00:00","twitter_card":"summary_large_image","twitter_misc":{"Szacowany czas czytania":"1 minuta"},"schema":{"@context":"https:\/\/schema.org","@graph":[{"@type":"WebPage","@id":"https:\/\/olimag.pl\/index.php\/kontakt\/","url":"https:\/\/olimag.pl\/index.php\/kontakt\/","name":"Kontakt - automaty sprzedaj\u0105ce, vendingowe, ekspresy do kawy, dystrybutory wody - Nowy S\u0105cz","isPartOf":{"@id":"https:\/\/olimag.pl\/#website"},"datePublished":"2026-04-08T20:49:34+00:00","dateModified":"2026-04-09T05:50:39+00:00","description":"Oferujemy automaty vendingowe, ekspresy do kawy oraz dystrybutory wody dla firm i instytucji na terenie Nowego S\u0105cza i okolic. Nasze nowoczesne automaty sprzedaj\u0105ce umo\u017cliwiaj\u0105 wygodny dost\u0119p do przek\u0105sek i napoj\u00f3w bez obs\u0142ugi, co idealnie sprawdza si\u0119 w biurach, zak\u0142adach pracy oraz przestrzeniach publicznych.","breadcrumb":{"@id":"https:\/\/olimag.pl\/index.php\/kontakt\/#breadcrumb"},"inLanguage":"pl-PL","potentialAction":[{"@type":"ReadAction","target":["https:\/\/olimag.pl\/index.php\/kontakt\/"]}]},{"@type":"BreadcrumbList","@id":"https:\/\/olimag.pl\/index.php\/kontakt\/#breadcrumb","itemListElement":[{"@type":"ListItem","position":1,"name":"Strona g\u0142\u00f3wna","item":"https:\/\/olimag.pl\/"},{"@type":"ListItem","position":2,"name":"Kontakt"}]},{"@type":"WebSite","@id":"https:\/\/olimag.pl\/#website","url":"https:\/\/olimag.pl\/","name":"","description":"","potentialAction":[{"@type":"SearchAction","target":{"@type":"EntryPoint","urlTemplate":"https:\/\/olimag.pl\/?s={search_term_string}"},"query-input":{"@type":"PropertyValueSpecification","valueRequired":true,"valueName":"search_term_string"}}],"inLanguage":"pl-PL"}]}},"_links":{"self":[{"href":"https:\/\/olimag.pl\/index.php\/wp-json\/wp\/v2\/pages\/543","targetHints":{"allow":["GET"]}}],"collection":[{"href":"https:\/\/olimag.pl\/index.php\/wp-json\/wp\/v2\/pages"}],"about":[{"href":"https:\/\/olimag.pl\/index.php\/wp-json\/wp\/v2\/types\/page"}],"author":[{"embeddable":true,"href":"https:\/\/olimag.pl\/index.php\/wp-json\/wp\/v2\/users\/1"}],"replies":[{"embeddable":true,"href":"https:\/\/olimag.pl\/index.php\/wp-json\/wp\/v2\/comments?post=543"}],"version-history":[{"count":14,"href":"https:\/\/olimag.pl\/index.php\/wp-json\/wp\/v2\/pages\/543\/revisions"}],"predecessor-version":[{"id":569,"href":"https:\/\/olimag.pl\/index.php\/wp-json\/wp\/v2\/pages\/543\/revisions\/569"}],"wp:attachment":[{"href":"https:\/\/olimag.pl\/index.php\/wp-json\/wp\/v2\/media?parent=543"}],"curies":[{"name":"wp","href":"https:\/\/api.w.org\/{rel}","templated":true}]}}